{"id":2,"date":"2014-12-09T19:10:32","date_gmt":"2014-12-09T19:10:32","guid":{"rendered":"http:\/\/baunativ.de\/buendnis\/?page_id=2"},"modified":"2024-03-01T07:03:55","modified_gmt":"2024-03-01T07:03:55","slug":"beispiel-seite","status":"publish","type":"page","link":"http:\/\/xn--oschatzer-bndnis-tzb.de\/","title":{"rendered":"Herzlich Willkommen"},"content":{"rendered":"\n<figure class=\"wp-block-image\"><img decoding=\"async\" loading=\"lazy\" width=\"1024\" height=\"1024\" src=\"http:\/\/xn--oschatzer-bndnis-tzb.de\/wp-content\/uploads\/2024\/03\/Demo-3.3.24-002-1024x1024.jpg\" alt=\"\" class=\"wp-image-135\" srcset=\"http:\/\/xn--oschatzer-bndnis-tzb.de\/wp-content\/uploads\/2024\/03\/Demo-3.3.24-002-1024x1024.jpg 1024w, http:\/\/xn--oschatzer-bndnis-tzb.de\/wp-content\/uploads\/2024\/03\/Demo-3.3.24-002-300x300.jpg 300w, http:\/\/xn--oschatzer-bndnis-tzb.de\/wp-content\/uploads\/2024\/03\/Demo-3.3.24-002-150x150.jpg 150w, http:\/\/xn--oschatzer-bndnis-tzb.de\/wp-content\/uploads\/2024\/03\/Demo-3.3.24-002-768x768.jpg 768w, http:\/\/xn--oschatzer-bndnis-tzb.de\/wp-content\/uploads\/2024\/03\/Demo-3.3.24-002.jpg 1280w\" sizes=\"(max-width: 1024px) 100vw, 1024px\" \/><figcaption class=\"wp-element-caption\"><strong>Das Oschatzer B\u00fcndnis f\u00fcr Demokratie l\u00e4dt am 03.03.24 um 15 Uhr zur Kundgebung OSCHATZ STEHT AUF F\u00dcR DEMOKRATIE ein. Das B\u00fcndnis ist ein loser Zusammenschluss engagierter B\u00fcrger und B\u00fcrgerinnen, Parteien und Vereinen. Wichtig ist uns der Zusammenhalt der Gesellschaft und ein klares Bekenntnis zu den Prinzipien der freiheitlich demokratischen Grundordnung und damit auch gegen jede Form von Ausgrenzung und Intoleranz. Es wird mehrere Redebeitr\u00e4ge geben und im Anschluss auch die Chance des offenen Mikrofons geben.<\/strong><\/figcaption><\/figure>\n\n\n\n<p>&#8230;&nbsp;auf der Seite des Oschatzer B\u00fcndnisses f\u00fcr Demokratie, Menschlichkeit und Toleranz.<br>Hier k\u00f6nnen Sie sich \u00fcber Aktionen informieren und sich mit uns in Kontakt setzen.<\/p>\n\n\n\n<p>Das Oschatzer B\u00fcndnis f\u00fcr Demokratie, Menschlichkeit und Toleranz gr\u00fcndete sich im November 2009. Hintergrund waren zunehmende Aktivit\u00e4ten der rechtsextremen Szene in der Region Oschatz, sowie die verst\u00e4rkte Wahrnehmung von fremdenfeindlichen, rassistischen, antisemitischen Einstellungen in der Mitte der Gesellschaft.<\/p>\n\n\n\n<p>DEMOKRATIE BRAUCHT DEMOKRAT\/INNEN. Um fremdenfeindlichen, rassistischen Einstellungen entgegenzuwirken, braucht es demokratisch couragierte MENSCHEN jeden Alters, die bereit sind, sich mit allen demokratisch zur Verf\u00fcgung stehenden Mitteln gegen Unrecht an MENSCHEN zu positionieren und couragiert einzusetzen. Zivilcourage erfordert Mut &#8211; in einem B\u00fcndnis vereinen sich die Kompetenzen vieler MENSCHEN (B\u00fcrgerInnen und Verwaltung), nur sie gemeinsam k\u00f6nnen ein Zeichen setzen f\u00fcr Demokratie, Menschlichkeit und Toleranz.<\/p>\n\n\n\n<p>Das B\u00fcndnis ist offen f\u00fcr MENSCHEN jeden Alters. Ausgeschlossen von jeglichen Veranstaltungen und Treffen des B\u00fcndnis sind Menschen\/Gruppierungen, welche durch fremdenfeindliche, rassistische, antisemitische \u00c4u\u00dferungen in Erscheinung getreten sind\/treten.<\/p>\n","protected":false},"excerpt":{"rendered":"<p>&#8230;&nbsp;auf der Seite des Oschatzer B\u00fcndnisses f\u00fcr Demokratie, Menschlichkeit und Toleranz.Hier k\u00f6nnen Sie sich \u00fcber Aktionen informieren und sich mit uns in Kontakt setzen. Das Oschatzer B\u00fcndnis f\u00fcr Demokratie, Menschlichkeit und Toleranz gr\u00fcndete sich im November 2009. Hintergrund waren zunehmende Aktivit\u00e4ten der rechtsextremen Szene in der Region Oschatz, sowie die verst\u00e4rkte Wahrnehmung von fremdenfeindlichen, rassistischen, &hellip; <a href=\"http:\/\/xn--oschatzer-bndnis-tzb.de\/\" class=\"more-link\"><span class=\"screen-reader-text\">Herzlich Willkommen<\/span> weiterlesen <span class=\"meta-nav\">&rarr;<\/span><\/a><\/p>\n","protected":false},"author":1,"featured_media":0,"parent":0,"menu_order":0,"comment_status":"open","ping_status":"open","template":"","meta":[],"_links":{"self":[{"href":"http:\/\/xn--oschatzer-bndnis-tzb.de\/index.php?rest_route=\/wp\/v2\/pages\/2"}],"collection":[{"href":"http:\/\/xn--oschatzer-bndnis-tzb.de\/index.php?rest_route=\/wp\/v2\/pages"}],"about":[{"href":"http:\/\/xn--oschatzer-bndnis-tzb.de\/index.php?rest_route=\/wp\/v2\/types\/page"}],"author":[{"embeddable":true,"href":"http:\/\/xn--oschatzer-bndnis-tzb.de\/index.php?rest_route=\/wp\/v2\/users\/1"}],"replies":[{"embeddable":true,"href":"http:\/\/xn--oschatzer-bndnis-tzb.de\/index.php?rest_route=%2Fwp%2Fv2%2Fcomments&post=2"}],"version-history":[{"count":5,"href":"http:\/\/xn--oschatzer-bndnis-tzb.de\/index.php?rest_route=\/wp\/v2\/pages\/2\/revisions"}],"predecessor-version":[{"id":138,"href":"http:\/\/xn--oschatzer-bndnis-tzb.de\/index.php?rest_route=\/wp\/v2\/pages\/2\/revisions\/138"}],"wp:attachment":[{"href":"http:\/\/xn--oschatzer-bndnis-tzb.de\/index.php?rest_route=%2Fwp%2Fv2%2Fmedia&parent=2"}],"curies":[{"name":"wp","href":"https:\/\/api.w.org\/{rel}","templated":true}]}}